{"id":406,"date":"2026-02-08T18:34:43","date_gmt":"2026-02-08T18:34:43","guid":{"rendered":"http:\/\/prawnik-uk.online\/?page_id=406"},"modified":"2026-02-08T18:34:44","modified_gmt":"2026-02-08T18:34:44","slug":"wykroczenia-i-przestepstwa-a-podania-o-brytyjskie-obywatelstwo-i-staly-pobyt","status":"publish","type":"page","link":"http:\/\/prawnik-uk.online\/index.php\/wykroczenia-i-przestepstwa-a-podania-o-brytyjskie-obywatelstwo-i-staly-pobyt\/","title":{"rendered":"Wykroczenia i przest\u0119pstwa a podania o brytyjskie obywatelstwo i sta\u0142y pobyt"},"content":{"rendered":"\n<h2 class=\"wp-block-heading has-text-align-center has-pale-cyan-blue-color has-text-color has-link-color wp-elements-a8aac0bf25a19968f54b17e02ae75352\">Obywatelstwo &#8211; naturalizacja<\/h2>\n\n\n\n<p>Od 31 lipca 2023 roku obowi\u0105zuj\u0105 nowe, bardziej restrykcyjne zasady przyznawania obywatelstwa Wielkiej Brytanii. Zasady te dotycz\u0105 sposobu w jaki rozpatrywane s\u0105 wszelkie problemy z prawem jakie mia\u0142 sk\u0142adaj\u0105cy podanie o naturalizacj\u0119 w UK.<\/p>\n\n\n<div class=\"wp-block-image\">\n<figure class=\"aligncenter size-large is-resized\"><img loading=\"lazy\" decoding=\"async\" width=\"1024\" height=\"706\" src=\"http:\/\/prawnik-uk.online\/wp-content\/uploads\/2026\/02\/gentle07-crime-3956945_1280-1024x706.jpg\" alt=\"\" class=\"wp-image-407\" style=\"aspect-ratio:1.4504431196389826;width:689px;height:auto\" srcset=\"http:\/\/prawnik-uk.online\/wp-content\/uploads\/2026\/02\/gentle07-crime-3956945_1280-1024x706.jpg 1024w, http:\/\/prawnik-uk.online\/wp-content\/uploads\/2026\/02\/gentle07-crime-3956945_1280-300x207.jpg 300w, http:\/\/prawnik-uk.online\/wp-content\/uploads\/2026\/02\/gentle07-crime-3956945_1280-768x530.jpg 768w, http:\/\/prawnik-uk.online\/wp-content\/uploads\/2026\/02\/gentle07-crime-3956945_1280.jpg 1280w\" sizes=\"auto, (max-width: 1024px) 100vw, 1024px\" \/><\/figure>\n<\/div>\n\n\n<p>W trakcie rozpatrywania podania o obywatelstwo Home Office bierze pod uwag\u0119 wszystkie wyroki i wykroczenia jakie pope\u0142ni\u0142 sk\u0142adaj\u0105cy podanie w swoim dotychczasowym \u017cyciu. Ka\u017cde wykroczenie czy wyrok, niewa\u017cne jak dawno otrzymany b\u0119dzie mia\u0142 wp\u0142yw na wynik podania.<\/p>\n\n\n\n<p>Jest to tak zwany good charakter requirement. Wi\u0119cej szczeg\u00f3\u0142owych informacji na temat tego wymogu mo\u017cna znale\u017a\u0107 w <a href=\"https:\/\/www.gov.uk\/government\/publications\/good-character-nationality-policy-guidance\/good-character-requirement-accessible\" title=\"\">przewodniku opublikowanym przez Home Office<\/a>.<\/p>\n\n\n\n<p>Przypadki w kt\u00f3rych sk\u0142adaj\u0105cy podanie o obywatelstwo Wielkiej Brytanii otrzymaj\u0105 odmow\u0119:<\/p>\n\n\n\n<p><strong>przest\u0119pczo\u015b\u0107<\/strong> \u2013 je\u015bli nie przestrzegali prawa lub nie s\u0105 gotowi go przestrzega\u0107, na przyk\u0142ad zostali skazani za przest\u0119pstwo lub istniej\u0105 uzasadnione podstawy, aby podejrzewa\u0107, \u017ce brali udzia\u0142 w przest\u0119pstwie<br><strong>przest\u0119pstwa mi\u0119dzynarodowe, terroryzm i inne wrogie dzia\u0142ania  <\/strong>\u2013 je\u015bli byli oni zaanga\u017cowani w zbrodnie wojenne, zbrodnie przeciwko ludzko\u015bci lub ludob\u00f3jstwo, terroryzm lub inne dzia\u0142ania, kt\u00f3re s\u0105 uwa\u017cane za niekorzystne dla dobra publicznego, lub byli z nimi powi\u0105zani<br><strong>kondycja finansowa <\/strong>\u2013 je\u015bli ich sprawy finansowe nie by\u0142y w odpowiednim porz\u0105dku \u2013 na przyk\u0142ad nie p\u0142acili podatk\u00f3w, do kt\u00f3rych byli zobowi\u0105zani, lub zaci\u0105gn\u0119li znaczne d\u0142ugi lub byli zamieszani w upad\u0142o\u015b\u0107, w przypadku kt\u00f3rej istnia\u0142y w\u0105tpliwo\u015bci co do rzetelno\u015bci procesu<br><strong>z\u0142a s\u0142awa<\/strong> \u2013 je\u015bli ich dzia\u0142ania by\u0142y znane i budzi\u0142y powa\u017cne w\u0105tpliwo\u015bci co do ich pozycji w lokalnej spo\u0142eczno\u015bci<br><strong>oszustwo i nieuczciwo\u015b\u0107 <\/strong>\u2013 je\u015bli celowo post\u0119powali nieuczciwie lub oszuka\u0144czo w kontaktach z rz\u0105dem Wielkiej Brytanii, na przyk\u0142ad sk\u0142adali fa\u0142szywe wnioski w celu uzyskania \u015bwiadcze\u0144<br><strong>kwestie zwi\u0105zane z imigracj\u0105 <\/strong>\u2013 je\u015bli naruszyli przepisy imigracyjne, na przyk\u0142ad poprzez przekroczenie dozwolonego okresu pobytu, prac\u0119 z naruszeniem warunk\u00f3w lub pomoc w unikni\u0119ciu kontroli imigracyjnej, w przypadku gdy kwestie te nie mog\u0105 by\u0107 pomini\u0119te w odniesieniu do tej osoby<br>odebranie obywatelstwa \u2013 je\u015bli dana osoba zosta\u0142a wcze\u015bniej pozbawiona obywatelstwa<\/p>\n\n\n<div class=\"wp-block-image\">\n<figure class=\"aligncenter size-large\"><img loading=\"lazy\" decoding=\"async\" width=\"1024\" height=\"682\" src=\"http:\/\/prawnik-uk.online\/wp-content\/uploads\/2026\/02\/raymediagroup-police-5226674_1280-1024x682.jpg\" alt=\"\" class=\"wp-image-408\" srcset=\"http:\/\/prawnik-uk.online\/wp-content\/uploads\/2026\/02\/raymediagroup-police-5226674_1280-1024x682.jpg 1024w, http:\/\/prawnik-uk.online\/wp-content\/uploads\/2026\/02\/raymediagroup-police-5226674_1280-300x200.jpg 300w, http:\/\/prawnik-uk.online\/wp-content\/uploads\/2026\/02\/raymediagroup-police-5226674_1280-768x512.jpg 768w, http:\/\/prawnik-uk.online\/wp-content\/uploads\/2026\/02\/raymediagroup-police-5226674_1280.jpg 1280w\" sizes=\"auto, (max-width: 1024px) 100vw, 1024px\" \/><\/figure>\n<\/div>\n\n\n<h2 class=\"wp-block-heading has-text-align-center has-pale-cyan-blue-color has-text-color has-link-color wp-elements-ade893525ee4ebbaced022212e7acef2\">Sta\u0142y pobyt- ILR<\/h2>\n\n\n\n<p>Planowane s\u0105 te\u017c znaczne zmiany w przyznawaniu prawa sta\u0142ego pobytu w Wielkiej Brytanii. Nie b\u0119dzie ono teraz przyznawane automatycznie po pi\u0119ciu latach ale uzale\u017cnione od wielu czynnik\u00f3w.<\/p>\n\n\n\n<p> Nie tylko d\u0142u\u017cszy okres pobytu, jak dziesi\u0119\u0107 lat, b\u0119dzie potrzebny do uzyskania sta\u0142ego pobytu. Wa\u017cne b\u0119d\u0105 r\u00f3wnie\u017c postawa imigranta, stopie\u0144 jego integracji ze spo\u0142ecze\u0144stwem Wielkiej Brytanii oraz to co wnosi do \u017cycia spo\u0142ecznego i ekonomicznego kraju.<\/p>\n\n\n\n<p>Wszystko to uczyni uzyskanie prawa sta\u0142ego pobytu i <a href=\"http:\/\/prawnik-uk.online\/index.php\/naturalizacja-podanie-o-obywatelstwo-brytyjskie\/\" title=\"\">obywatelstwa<\/a> w przypadku os\u00f3b kt\u00f3re mia\u0142y konflikt z prawem niemal niemo\u017cliwym a dla pozosta\u0142ych powa\u017cnie go utrudni.<\/p>\n","protected":false},"excerpt":{"rendered":"<p>Obywatelstwo &#8211; naturalizacja Od 31 lipca 2023 roku obowi\u0105zuj\u0105 nowe, bardziej restrykcyjne zasady przyznawania obywatelstwa Wielkiej Brytanii. Zasady te dotycz\u0105 sposobu w jaki rozpatrywane s\u0105 wszelkie problemy z prawem jakie mia\u0142 sk\u0142adaj\u0105cy podanie o naturalizacj\u0119 w UK. W trakcie rozpatrywania podania o obywatelstwo Home Office bierze pod uwag\u0119 wszystkie wyroki i wykroczenia jakie pope\u0142ni\u0142 sk\u0142adaj\u0105cy [&hellip;]<\/p>\n","protected":false},"author":1,"featured_media":0,"parent":0,"menu_order":0,"comment_status":"closed","ping_status":"closed","template":"","meta":{"om_disable_all_campaigns":false,"_monsterinsights_skip_tracking":false,"_monsterinsights_sitenote_active":false,"_monsterinsights_sitenote_note":"","_monsterinsights_sitenote_category":0,"_joinchat":[],"footnotes":""},"class_list":["post-406","page","type-page","status-publish","hentry"],"aioseo_notices":[],"_links":{"self":[{"href":"http:\/\/prawnik-uk.online\/index.php\/wp-json\/wp\/v2\/pages\/406","targetHints":{"allow":["GET"]}}],"collection":[{"href":"http:\/\/prawnik-uk.online\/index.php\/wp-json\/wp\/v2\/pages"}],"about":[{"href":"http:\/\/prawnik-uk.online\/index.php\/wp-json\/wp\/v2\/types\/page"}],"author":[{"embeddable":true,"href":"http:\/\/prawnik-uk.online\/index.php\/wp-json\/wp\/v2\/users\/1"}],"replies":[{"embeddable":true,"href":"http:\/\/prawnik-uk.online\/index.php\/wp-json\/wp\/v2\/comments?post=406"}],"version-history":[{"count":1,"href":"http:\/\/prawnik-uk.online\/index.php\/wp-json\/wp\/v2\/pages\/406\/revisions"}],"predecessor-version":[{"id":409,"href":"http:\/\/prawnik-uk.online\/index.php\/wp-json\/wp\/v2\/pages\/406\/revisions\/409"}],"wp:attachment":[{"href":"http:\/\/prawnik-uk.online\/index.php\/wp-json\/wp\/v2\/media?parent=406"}],"curies":[{"name":"wp","href":"https:\/\/api.w.org\/{rel}","templated":true}]}}