{"id":394,"date":"2026-02-06T11:34:47","date_gmt":"2026-02-06T11:34:47","guid":{"rendered":"http:\/\/prawnik-uk.online\/?page_id=394"},"modified":"2026-02-06T11:36:59","modified_gmt":"2026-02-06T11:36:59","slug":"good-character-wymaganie-niekaralnosci-przy-podaniu-o-naturalizacje-obywatelstwo-w-uk","status":"publish","type":"page","link":"http:\/\/prawnik-uk.online\/index.php\/good-character-wymaganie-niekaralnosci-przy-podaniu-o-naturalizacje-obywatelstwo-w-uk\/","title":{"rendered":"Good character &#8211; wymaganie niekaralno\u015bci przy podaniu o naturalizacj\u0119\/obywatelstwo w UK"},"content":{"rendered":"\n<p>Od 10 lutego 2025 roku obowi\u0105zuj\u0105 nowe, du\u017co bardziej restrykcyjne zasady rozpatrywania dobrego charakteru przy podaniach o brytyjskie obywatelstwo. <\/p>\n\n\n\n<h2 class=\"wp-block-heading has-text-align-center\">Nielegalny wjazd do UK a podanie o obywatelstwo<\/h2>\n\n\n\n<p>Jedn\u0105 z podstawowych zmian jest wprowadzenie zasady &#8220;illegal entry&#8221;, wedle kt\u00f3rej osoba kt\u00f3ra kiedykolwiek wjecha\u0142a do Wielkiej Brytanii nielegalnie nie otrzyma obywatelstwa brytyjskiego. <\/p>\n\n\n\n<p>Zasada ta jest uniwersalna i nie obowi\u0105zuj\u0105 w niej \u017cadne karencje ani odst\u0119pstwa od regu\u0142. W tej chwili trwaj\u0105 dyskusje prawne na temat legalno\u015bci takiego podej\u015bcia ale jak dot\u0105d Home Office stosuje t\u0105 zasad\u0119 \u015bci\u015ble i ka\u017cdy kto ma histori\u0119 nielegalnego wjazdu do Wielkiej Brytanii, niezale\u017cnie jak odleg\u0142e w czasie by\u0142oby to wykroczenie, musi si\u0119 liczy\u0107 z odrzuceniem podania o obywatelstwo Wielkiej Brytanii.<\/p>\n\n\n\n<h2 class=\"wp-block-heading has-text-align-center\">Good character w podaniu o naturalizacj\u0119<\/h2>\n\n\n\n<p>Jest to cz\u0119\u015b\u0107 podania o obywatelstwo zwana jako good character requirement. Wi\u0119cej na temat wymaga\u0144 zwi\u0105zanych z good charakter mo\u017cna przeczyta\u0107 na <a href=\"https:\/\/www.gov.uk\/government\/publications\/good-character-nationality-policy-guidance\" target=\"_blank\" rel=\"noopener\" title=\"\">stronie Home Office.<\/a><\/p>\n\n\n\n<p>Ka\u017cde podanie jest oceniane pod tym wzgl\u0119dem. Dotyczy to r\u00f3wnie\u017c innych poda\u0144, jak wizy pracowniczej przy <a href=\"http:\/\/prawnik-uk.online\/index.php\/dla-biznesu\/sponsor-licence\/\" title=\"\">sponsor licence<\/a> czy<a href=\"http:\/\/prawnik-uk.online\/index.php\/wiza-malzenska-w-wielkiej-brytanii\/\" title=\"\"> wizy ma\u0142\u017ce\u0144skiej<\/a>. <\/p>\n\n\n<div class=\"wp-block-image\">\n<figure class=\"aligncenter size-large\"><img loading=\"lazy\" decoding=\"async\" width=\"1024\" height=\"670\" src=\"http:\/\/prawnik-uk.online\/wp-content\/uploads\/2026\/02\/shevi7-london-4656746_1280-1024x670.jpg\" alt=\"\" class=\"wp-image-395\" srcset=\"http:\/\/prawnik-uk.online\/wp-content\/uploads\/2026\/02\/shevi7-london-4656746_1280-1024x670.jpg 1024w, http:\/\/prawnik-uk.online\/wp-content\/uploads\/2026\/02\/shevi7-london-4656746_1280-300x196.jpg 300w, http:\/\/prawnik-uk.online\/wp-content\/uploads\/2026\/02\/shevi7-london-4656746_1280-768x503.jpg 768w, http:\/\/prawnik-uk.online\/wp-content\/uploads\/2026\/02\/shevi7-london-4656746_1280.jpg 1280w\" sizes=\"auto, (max-width: 1024px) 100vw, 1024px\" \/><\/figure>\n<\/div>\n\n\n<p>Ka\u017cdy sk\u0142adaj\u0105cy podanie o naturalizacj\u0119 w Wielkiej Brytanii, w wieku powy\u017cej 10 lat, jest sprawdzany pod wzgl\u0119dem charakteru i czy jego charakter kwalifikuje go do zostania obywatelem UK.<\/p>\n\n\n\n<p>Home Office sprawdza nie tylko karalno\u015b\u0107 ale te\u017c inne parametry \u015bwiadcz\u0105ce o charakterze sk\u0142adaj\u0105cego podanie. Mog\u0105 to by\u0107 na przyk\u0142ad mandaty, kary pieni\u0119\u017cne i inne wykroczenia. <\/p>\n\n\n\n<p>Rozwa\u017cania zwi\u0105zane z problemami takimi jak liczba mandat\u00f3w za nieostro\u017cn\u0105 jazd\u0119 czy nawet upomnie\u0144 wydanych przez lokalny council maj\u0105 du\u017cy wp\u0142yw na ocen\u0119 podania o naturalizacj\u0119 przez Home Office.<\/p>\n\n\n\n<h2 class=\"wp-block-heading has-text-align-center\">Zad\u0142u\u017cenie  podanie o obywatelstwo UK<\/h2>\n\n\n\n<p>Wa\u017cn\u0105 cz\u0119\u015bci\u0105 tej procedury jest sprawdzenie czy sk\u0142adaj\u0105cy podanie nie ma niesp\u0142aconych d\u0142ug\u00f3w, w szczeg\u00f3lno\u015bci CCJ (Country Court Judgements) za niesp\u0142acone zobowi\u0105zania. <\/p>\n\n\n\n<p>Posiadanie nieuregulowanego CCJ oznacza w tej chwili praktycznie \u017ce podanie o naturalizacj\u0119 zostanie odrzucone na podstawie good character requirements. <\/p>\n\n\n\n<p>Je\u017celi mamy niesp\u0142acone d\u0142ugi nale\u017cy je uregulowa\u0107 przed z\u0142o\u017ceniem podania i poinformowa\u0107 Home Office o ich istnieniu i wyja\u015bni\u0107 jak rozwi\u0105zali\u015bmy problem w podaniu. <\/p>\n\n\n\n<p>Ukrywanie CCJ w podaniu nie jest rekomendowane. Odnalezienie informacji o CCJ jest bardzo \u0142atwe. Ukrycie tej informacji mo\u017ce by\u0107 podstaw\u0105 do odrzucenia podania o naturalizacj\u0119.<\/p>\n","protected":false},"excerpt":{"rendered":"<p>Od 10 lutego 2025 roku obowi\u0105zuj\u0105 nowe, du\u017co bardziej restrykcyjne zasady rozpatrywania dobrego charakteru przy podaniach o brytyjskie obywatelstwo. Nielegalny wjazd do UK a podanie o obywatelstwo Jedn\u0105 z podstawowych zmian jest wprowadzenie zasady &#8220;illegal entry&#8221;, wedle kt\u00f3rej osoba kt\u00f3ra kiedykolwiek wjecha\u0142a do Wielkiej Brytanii nielegalnie nie otrzyma obywatelstwa brytyjskiego. Zasada ta jest uniwersalna i [&hellip;]<\/p>\n","protected":false},"author":1,"featured_media":0,"parent":0,"menu_order":0,"comment_status":"closed","ping_status":"closed","template":"","meta":{"om_disable_all_campaigns":false,"_monsterinsights_skip_tracking":false,"_monsterinsights_sitenote_active":false,"_monsterinsights_sitenote_note":"","_monsterinsights_sitenote_category":0,"_joinchat":[],"footnotes":""},"class_list":["post-394","page","type-page","status-publish","hentry"],"aioseo_notices":[],"_links":{"self":[{"href":"http:\/\/prawnik-uk.online\/index.php\/wp-json\/wp\/v2\/pages\/394","targetHints":{"allow":["GET"]}}],"collection":[{"href":"http:\/\/prawnik-uk.online\/index.php\/wp-json\/wp\/v2\/pages"}],"about":[{"href":"http:\/\/prawnik-uk.online\/index.php\/wp-json\/wp\/v2\/types\/page"}],"author":[{"embeddable":true,"href":"http:\/\/prawnik-uk.online\/index.php\/wp-json\/wp\/v2\/users\/1"}],"replies":[{"embeddable":true,"href":"http:\/\/prawnik-uk.online\/index.php\/wp-json\/wp\/v2\/comments?post=394"}],"version-history":[{"count":2,"href":"http:\/\/prawnik-uk.online\/index.php\/wp-json\/wp\/v2\/pages\/394\/revisions"}],"predecessor-version":[{"id":397,"href":"http:\/\/prawnik-uk.online\/index.php\/wp-json\/wp\/v2\/pages\/394\/revisions\/397"}],"wp:attachment":[{"href":"http:\/\/prawnik-uk.online\/index.php\/wp-json\/wp\/v2\/media?parent=394"}],"curies":[{"name":"wp","href":"https:\/\/api.w.org\/{rel}","templated":true}]}}