{"id":391,"date":"2025-10-25T11:25:40","date_gmt":"2025-10-25T11:25:40","guid":{"rendered":"http:\/\/prawnik-uk.online\/?page_id=391"},"modified":"2025-10-25T11:25:40","modified_gmt":"2025-10-25T11:25:40","slug":"wiza-malzenska-dla-partnera-z-dzieckiem","status":"publish","type":"page","link":"http:\/\/prawnik-uk.online\/index.php\/wiza-malzenska-dla-partnera-z-dzieckiem\/","title":{"rendered":"Wiza ma\u0142\u017ce\u0144ska dla partnera z dzieckiem"},"content":{"rendered":"\n<p>Wiza ma\u0142\u017ce\u0144ska z dzieckiem. Osoby kt\u00f3rych partner nie jest obywatelem Wielkiej Brytanii ani sta\u0142ym rezydentem w kraju musz\u0105 stara\u0107 si\u0119 dla nich o wiz\u0119. <\/p>\n\n\n\n<p>O szczeg\u00f3\u0142ach procesu aplikacji o wiz\u0119 ma\u0142\u017ce\u0144sk\u0105 w Wielkiej Brytanii piszemy na naszej stronie<a href=\"http:\/\/prawnik-uk.online\/index.php\/wiza-malzenska-w-wielkiej-brytanii\/\" target=\"_blank\" rel=\"noopener\" title=\"\"> Wiza ma\u0142\u017ce\u0144ska w Wielkiej Brytanii.<\/a><\/p>\n\n\n\n<h2 class=\"wp-block-heading has-text-align-center has-pale-cyan-blue-color has-text-color has-link-color wp-elements-938572b7bd0c912e397f70b2792680a4\">Wiza ma\u0142\u017ce\u0144ska z dzieckiem.<\/h2>\n\n\n\n<p>W przypadku kiedy osoba sk\u0142adaj\u0105ca podanie o wiz\u0119 ma\u0142\u017ce\u0144sk\u0105 (podanie o wiz\u0119 sk\u0142ada formalnie osoba wchodz\u0105ca w zwi\u0105zek z obywatelem\/sta\u0142ym rezydentem UK) posiada ju\u017c dzieci musz\u0105 one spe\u0142ni\u0107 kilka dodatkowych warunk\u00f3w. <\/p>\n\n\n<div class=\"wp-block-image\">\n<figure class=\"aligncenter size-large\"><img loading=\"lazy\" decoding=\"async\" width=\"1024\" height=\"640\" src=\"http:\/\/prawnik-uk.online\/wp-content\/uploads\/2023\/06\/couple-g17704a50a_1280-edited-1024x640.jpg\" alt=\"wiza ma\u0142\u017ce\u0144ska dzieckiem Wielka Brytania\" class=\"wp-image-314\" srcset=\"http:\/\/prawnik-uk.online\/wp-content\/uploads\/2023\/06\/couple-g17704a50a_1280-edited-1024x640.jpg 1024w, http:\/\/prawnik-uk.online\/wp-content\/uploads\/2023\/06\/couple-g17704a50a_1280-edited-300x188.jpg 300w, http:\/\/prawnik-uk.online\/wp-content\/uploads\/2023\/06\/couple-g17704a50a_1280-edited-768x480.jpg 768w, http:\/\/prawnik-uk.online\/wp-content\/uploads\/2023\/06\/couple-g17704a50a_1280-edited.jpg 1280w\" sizes=\"auto, (max-width: 1024px) 100vw, 1024px\" \/><\/figure>\n<\/div>\n\n\n<p>W przeciwnym wypadku skladaj\u0105cy\/a podanie b\u0119dzie musia\u0142a z\u0142o\u017cy\u0107 je bez dzieci.<\/p>\n\n\n\n<p>Dwa podstawowe warunki jakie dzieci musz\u0105 spe\u0142ni\u0107 to:<\/p>\n\n\n\n<ul class=\"wp-block-list\">\n<li>s\u0105 nieletnie &#8211; poni\u017cej 18 roku \u017cycia w chwili sk\u0142adania podania<\/li>\n\n\n\n<li>nie prowadz\u0105 niezale\u017cnego \u017cycia, np nie s\u0105 ju\u017c \u017conate czy nie opu\u015bci\u0142y ju\u017c rodzinnego domu<\/li>\n<\/ul>\n\n\n\n<p>Wa\u017cnym aspektem przy sk\u0142adaniu podania o wiz\u0119 ma\u0142\u017ce\u0144sk\u0105 jest te\u017c kwestia opieki prawnej nad dzie\u0107mi.<\/p>\n\n\n\n<p>Kiedy sk\u0142adamy podanie o wiz\u0119 ma\u0142\u017ce\u0144sk\u0105 posiadaj\u0105c dzieci z poprzednich zwi\u0105zk\u00f3w musimy udowodni\u0107 nasze prawo do opieki nad nimi.<\/p>\n\n\n\n<p>Jest to skomplikowana kwestia kt\u00f3ra wymaga w wi\u0119kszo\u015bci wypadk\u00f3w fachowej porady prawnej. <\/p>\n\n\n\n<p>W przeciwnym wypadku istnieje powa\u017cne ryzyko \u017ce podanie dla dziecka zostanie odrzucone i nie b\u0119dzie ono mog\u0142o towarzyszy\u0107 staraj\u0105cemu si\u0119 o wiz\u0119 rodzicowi w jego przeprowadzce do Wielkiej Brytanii. <\/p>\n\n\n\n<p>Wi\u0119cej na temat wymaga\u0144 zwi\u0105zanych z wizami ma\u0142\u017ce\u0144skimi w Wielkiej Brytanii na <a href=\"https:\/\/www.gov.uk\/uk-family-visa\/partner-spouse\" target=\"_blank\" rel=\"noopener\" title=\"\">stronie Home Office<\/a>. <\/p>\n\n\n\n<p><\/p>\n","protected":false},"excerpt":{"rendered":"<p>Wiza ma\u0142\u017ce\u0144ska z dzieckiem. Osoby kt\u00f3rych partner nie jest obywatelem Wielkiej Brytanii ani sta\u0142ym rezydentem w kraju musz\u0105 stara\u0107 si\u0119 dla nich o wiz\u0119. O szczeg\u00f3\u0142ach procesu aplikacji o wiz\u0119 ma\u0142\u017ce\u0144sk\u0105 w Wielkiej Brytanii piszemy na naszej stronie Wiza ma\u0142\u017ce\u0144ska w Wielkiej Brytanii. Wiza ma\u0142\u017ce\u0144ska z dzieckiem. W przypadku kiedy osoba sk\u0142adaj\u0105ca podanie o wiz\u0119 [&hellip;]<\/p>\n","protected":false},"author":1,"featured_media":0,"parent":0,"menu_order":0,"comment_status":"closed","ping_status":"closed","template":"","meta":{"om_disable_all_campaigns":false,"_monsterinsights_skip_tracking":false,"_monsterinsights_sitenote_active":false,"_monsterinsights_sitenote_note":"","_monsterinsights_sitenote_category":0,"_joinchat":[],"footnotes":""},"class_list":["post-391","page","type-page","status-publish","hentry"],"aioseo_notices":[],"_links":{"self":[{"href":"http:\/\/prawnik-uk.online\/index.php\/wp-json\/wp\/v2\/pages\/391","targetHints":{"allow":["GET"]}}],"collection":[{"href":"http:\/\/prawnik-uk.online\/index.php\/wp-json\/wp\/v2\/pages"}],"about":[{"href":"http:\/\/prawnik-uk.online\/index.php\/wp-json\/wp\/v2\/types\/page"}],"author":[{"embeddable":true,"href":"http:\/\/prawnik-uk.online\/index.php\/wp-json\/wp\/v2\/users\/1"}],"replies":[{"embeddable":true,"href":"http:\/\/prawnik-uk.online\/index.php\/wp-json\/wp\/v2\/comments?post=391"}],"version-history":[{"count":1,"href":"http:\/\/prawnik-uk.online\/index.php\/wp-json\/wp\/v2\/pages\/391\/revisions"}],"predecessor-version":[{"id":392,"href":"http:\/\/prawnik-uk.online\/index.php\/wp-json\/wp\/v2\/pages\/391\/revisions\/392"}],"wp:attachment":[{"href":"http:\/\/prawnik-uk.online\/index.php\/wp-json\/wp\/v2\/media?parent=391"}],"curies":[{"name":"wp","href":"https:\/\/api.w.org\/{rel}","templated":true}]}}