{"id":281,"date":"2022-02-16T14:50:57","date_gmt":"2022-02-16T14:50:57","guid":{"rendered":"http:\/\/prawnik-uk.online\/?page_id=281"},"modified":"2022-02-16T14:50:58","modified_gmt":"2022-02-16T14:50:58","slug":"obywatelstwo-brytyjskie-podanie-i-dokumenty","status":"publish","type":"page","link":"http:\/\/prawnik-uk.online\/index.php\/obywatelstwo-brytyjskie-podanie-i-dokumenty\/","title":{"rendered":"Obywatelstwo brytyjskie &#8211; podanie i dokumenty"},"content":{"rendered":"\n<p>Podanie o brytyjski paszport (naturalizacj\u0119 w UK) jest do\u015b\u0107 kosztowne i wymaga sporo pracy w przygotowaniu. Dlatego wa\u017cne jest by si\u0119 do niego dobrze przygotowa\u0107. To pozwoli nam unikn\u0105\u0107 niemi\u0142ych niespodzianek w rodzaju odrzucenia aplikacji o obywatelstwo.<\/p>\n\n\n\n<p><\/p>\n","protected":false},"excerpt":{"rendered":"<p>Podanie o brytyjski paszport (naturalizacj\u0119 w UK) jest do\u015b\u0107 kosztowne i wymaga sporo pracy w przygotowaniu. Dlatego wa\u017cne jest by si\u0119 do niego dobrze przygotowa\u0107. To pozwoli nam unikn\u0105\u0107 niemi\u0142ych niespodzianek w rodzaju odrzucenia aplikacji o obywatelstwo.<\/p>\n","protected":false},"author":1,"featured_media":0,"parent":0,"menu_order":0,"comment_status":"closed","ping_status":"closed","template":"","meta":{"om_disable_all_campaigns":false,"_monsterinsights_skip_tracking":false,"_monsterinsights_sitenote_active":false,"_monsterinsights_sitenote_note":"","_monsterinsights_sitenote_category":0,"_joinchat":[],"footnotes":""},"class_list":["post-281","page","type-page","status-publish","hentry"],"aioseo_notices":[],"_links":{"self":[{"href":"http:\/\/prawnik-uk.online\/index.php\/wp-json\/wp\/v2\/pages\/281","targetHints":{"allow":["GET"]}}],"collection":[{"href":"http:\/\/prawnik-uk.online\/index.php\/wp-json\/wp\/v2\/pages"}],"about":[{"href":"http:\/\/prawnik-uk.online\/index.php\/wp-json\/wp\/v2\/types\/page"}],"author":[{"embeddable":true,"href":"http:\/\/prawnik-uk.online\/index.php\/wp-json\/wp\/v2\/users\/1"}],"replies":[{"embeddable":true,"href":"http:\/\/prawnik-uk.online\/index.php\/wp-json\/wp\/v2\/comments?post=281"}],"version-history":[{"count":1,"href":"http:\/\/prawnik-uk.online\/index.php\/wp-json\/wp\/v2\/pages\/281\/revisions"}],"predecessor-version":[{"id":282,"href":"http:\/\/prawnik-uk.online\/index.php\/wp-json\/wp\/v2\/pages\/281\/revisions\/282"}],"wp:attachment":[{"href":"http:\/\/prawnik-uk.online\/index.php\/wp-json\/wp\/v2\/media?parent=281"}],"curies":[{"name":"wp","href":"https:\/\/api.w.org\/{rel}","templated":true}]}}