{"id":256,"date":"2022-02-09T23:09:31","date_gmt":"2022-02-09T23:09:31","guid":{"rendered":"http:\/\/prawnik-uk.online\/?page_id=256"},"modified":"2022-03-06T19:22:36","modified_gmt":"2022-03-06T19:22:36","slug":"naturalizacja-podanie-o-obywatelstwo-brytyjskie","status":"publish","type":"page","link":"http:\/\/prawnik-uk.online\/index.php\/naturalizacja-podanie-o-obywatelstwo-brytyjskie\/","title":{"rendered":"Naturalizacja Podanie o obywatelstwo brytyjskie"},"content":{"rendered":"\n<p>Ka\u017cdy kto spe\u0142nia okre\u015blone warunki, czyli posiada prawo sta\u0142ego pobytu w Wielkiej Brytanii oraz przebywa\u0142&nbsp; i&nbsp; spe\u0142nia inne warunki formalne mo\u017ce stara\u0107 si\u0119 o brytyjskie obywatelstwo (naturalizacja).<\/p>\n\n\n\n<figure class=\"wp-block-image size-large is-resized\"><img decoding=\"async\" src=\"http:\/\/prawnik-uk.online\/wp-content\/uploads\/2022\/02\/london-2164680_1920-edited-1.jpg\" alt=\"naturalizacja jako obywatel UK\" class=\"wp-image-273\" width=\"899\" srcset=\"http:\/\/prawnik-uk.online\/wp-content\/uploads\/2022\/02\/london-2164680_1920-edited-1.jpg 1920w, http:\/\/prawnik-uk.online\/wp-content\/uploads\/2022\/02\/london-2164680_1920-edited-1-300x169.jpg 300w, http:\/\/prawnik-uk.online\/wp-content\/uploads\/2022\/02\/london-2164680_1920-edited-1-1024x575.jpg 1024w, http:\/\/prawnik-uk.online\/wp-content\/uploads\/2022\/02\/london-2164680_1920-edited-1-768x432.jpg 768w, http:\/\/prawnik-uk.online\/wp-content\/uploads\/2022\/02\/london-2164680_1920-edited-1-1536x863.jpg 1536w\" sizes=\"(max-width: 1920px) 100vw, 1920px\" \/><\/figure>\n\n\n\n<h2 class=\"has-text-align-center has-vivid-cyan-blue-color has-text-color has-medium-font-size wp-block-heading\">Dlaczego warto z\u0142o\u017cy\u0107 podanie o obywatelstwo w Wielkiej Brytanii.<\/h2>\n\n\n\n<p>Po otrzymaniu praqwa sta\u0142ego pobytu w Wielkiej Brytanii ubieganie si\u0119 o obywatelstwo wydaje si\u0119 zb\u0119dnym wydatkiem. Mamy niemal wszystkie prawa obywatelskie, przynajmniej wszystkie kt\u00f3re maj\u0105 znaczenie.&nbsp; Dodatkowe koszty i wysi\u0142ek wydaj\u0105 si\u0119 niepotrzebne.<\/p>\n\n\n\n<p>Prawo sta\u0142ego pobytu nie jest jednak tym samym co obywatelstwo. Mo\u017cna utraci\u0107 prawo sta\u0142ego pobytu w przypadku opuszczeia kraju na d\u0142u\u017cszy czas. Mo\u017cna te\u017c zosta\u0107 deportowanym z Wielkiej Brytanii do kraju pochodzenia w sytuacji kiedy pope\u0142nimy przest\u0119pstwo i otrzymamy wyrok co najmniej 12 miesi\u0119cy wi\u0119zienia. Nawet ludzie kt\u00f3rzy sp\u0119dzili w UK dziesi\u0105tki lat mog\u0105 nadal by\u0107 <a href=\"https:\/\/thaxtedlegal.com\/2021\/11\/20\/polly-gordon-appeal\/\" target=\"_blank\" rel=\"noreferrer noopener\" title=\"deportowani\">deportowani<\/a>  jako osoby kt\u00f3re pope\u0142ni\u0142y przest\u0119pstwo (<a href=\"https:\/\/thaxtedlegal.com\/foreign-national-offender\/\" target=\"_blank\" rel=\"noreferrer noopener\" title=\"Foreign national offender  FNO).\">Foreign national offender  FNO).<\/a><\/p>\n\n\n\n<p>Osoby staraj\u0105ce si\u0119 o obywatelstwo w Wielkiej Brytanii musz\u0105 udowodni\u0107 \u017ce przebywa\u0142y w UK legalnie przez poprzedzaj\u0105ce podanie 5 lat. Nie jest to zawsze \u0142atwe i pomoc prawnika mo\u017ce okaza\u0107 si\u0119 nieodzowna. jest tak z powodu definicji legalnego pobytu przyj\u0119tej przez brytyjski Home Office. Kwestia ubezpieczenia zdrowotnego jest tu szczeg\u00f3lnie trudna do opanowania i cz\u0119sto mo\u017ce prowadzi\u0107 do odrzucenia podania. Wi\u0119cej na ten temat piszemy <a href=\"http:\/\/prawnik-uk.online\/index.php\/imigrancja-uk-blog\/\" target=\"_blank\" rel=\"noreferrer noopener\" title=\"tutaj.\">tutaj.<\/a><\/p>\n\n\n\n<figure class=\"wp-block-table is-style-stripes\"><table><tbody><tr><td><span class=\"has-inline-color has-vivid-cyan-blue-color\">Co powinni\u015bmy sprawdzi\u0107 przed z\u0142o\u017ceniem podania o naturalizacj\u0119<\/span><\/td><\/tr><tr><td>Nieobecno\u015bci w kraju (ostatnie 5 lat lub 3 je\u017celi jeste\u015bmy w zwi\u0105zku ma\u0142\u017ce\u0144skim z obywatelem UK)<\/td><\/tr><tr><td>Sta\u0142y pobyt przyznany co najmiej rok wcze\u015bniej (lub \u017conaty z obywatelem UK)<\/td><\/tr><tr><td>Mamy zamiar pozostac na sta\u0142e\/ zwi\u0105za\u0107 swoj\u0105 przysz\u0142o\u015b\u0107 z UK<\/td><\/tr><tr><td>Czy spe\u0142niamy warunek \u201egood character\u201d &#8211; ostatnie 10 lat<\/td><\/tr><tr><td>Nasza historia imigracyjna i czy przebywali\u015bmy ca\u0142y czas legalnie w UK<\/td><\/tr><tr><td>Financial soundnes \u2013 czy odpowiedzialnie kierujemy naszymi finansami<\/td><\/tr><tr><td>Czy nie mamy wyroku s\u0105dowego za niezap\u0142acone nale\u017cno\u015bci (CCJ)<\/td><\/tr><tr><td>Bankructwo<\/td><\/tr><tr><td>Pobieranie nienale\u017cnych \u015bwiadcze\u0144 (benefit fraud)<\/td><\/tr><tr><td>Przest\u0119pstwa i wyroki s\u0105dowe, kary za z\u0142amaie przepis\u00f3w ruchui drogowego<\/td><\/tr><tr><td>Niep\u0142acenie podatku lokalnego (council tax)<\/td><\/tr><tr><td>Znalezienie dw\u00f3ch odpowiednich os\u00f3b po\u015bwiadczaj\u0105cych nasz charakter (referees)<\/td><\/tr><tr><td>Dok\u0142adnie wype\u0142nione podanie o obywatelstwo<\/td><\/tr><tr><td>Test znajomo\u015bci j\u0119zyka angielskiego<\/td><\/tr><tr><td>Test ze znajomo\u015bci kultury i historii UK ( Life in the UK Test)<\/td><\/tr><\/tbody><\/table><\/figure>\n\n\n\n<div class=\"wp-block-image\"><figure class=\"aligncenter size-large is-resized\"><img loading=\"lazy\" decoding=\"async\" src=\"http:\/\/prawnik-uk.online\/wp-content\/uploads\/2022\/02\/union-jack-1027898_1920-1024x597.jpg\" alt=\"\" class=\"wp-image-260\" width=\"447\" height=\"260\" srcset=\"http:\/\/prawnik-uk.online\/wp-content\/uploads\/2022\/02\/union-jack-1027898_1920-1024x597.jpg 1024w, http:\/\/prawnik-uk.online\/wp-content\/uploads\/2022\/02\/union-jack-1027898_1920-300x175.jpg 300w, http:\/\/prawnik-uk.online\/wp-content\/uploads\/2022\/02\/union-jack-1027898_1920-768x448.jpg 768w, http:\/\/prawnik-uk.online\/wp-content\/uploads\/2022\/02\/union-jack-1027898_1920-1536x896.jpg 1536w, http:\/\/prawnik-uk.online\/wp-content\/uploads\/2022\/02\/union-jack-1027898_1920.jpg 1920w\" sizes=\"auto, (max-width: 447px) 100vw, 447px\" \/><\/figure><\/div>\n\n\n\n<h2 class=\"has-text-align-center has-vivid-cyan-blue-color has-text-color has-medium-font-size wp-block-heading\">Dlaczego warto zaanga\u017cowa\u0107 prawnika w podaniu o obywatelstwo (naturalizacja).<\/h2>\n\n\n\n<p>Je\u017celi nasz pobyt w Wielkiej Brytanii wi\u0105za\u0142 si\u0119 z prac\u0105 i nie mieli\u015bmy znacz\u0105cych przerw w zatrudnieniu nasze podanie o brytyjskie obywatelstwo powinno by\u0107 w miar\u0119 \u0142atwe. Sytuacja komplikuje si\u0119 jednak je\u017celi cz\u0119\u015b\u0107 pobytu w Wielkiej Brytanii po\u015bwi\u0119cili\u015bmy na studia. W takim przypadku pomoc prawnika mo\u017ce okaza\u0107 si\u0119 nieodzowna.<\/p>\n\n\n\n<p>W takich przypadkach zapraszamy do kontaktu z nami. Nasz prawnik zapozna si\u0119 z Pa\u0144stwa sytuacj\u0105 i poda opcje jakie istniej\u0105 w danych okoliczno\u015bciach. <\/p>\n\n\n\n<p>Jeste\u015bmy w stanie zaproponowa\u0107 r\u00f3\u017cne opcje wsp\u00f3\u0142pracy, w zale\u017cno\u015bci od Pa\u0144stwa potrzeb. Od prostej analizy sytuacji przed z\u0142o\u017ceniem podania poprzez pomoc w sporz\u0105dzeniu listu wyja\u015bniaj\u0105cego do Home Office (cover letter) a\u017c po przeprowadzenie ca\u0142ej procedury podania o nauralizacj\u0119.<\/p>\n\n\n\n<p>Podanie o naturalizacj\u0119 kosztuje 1349,20 funt\u00f3w i by\u0142oby nierozs\u0105dne ryzykowa\u0107 tak\u0105 kwot\u0119 bez konsulatcji z prawikiem w sytuacji kiedy mo\u017ce si\u0119 okaza\u0107 \u017ce nie spe\u0142niamy warunk\u00f3w. <\/p>\n","protected":false},"excerpt":{"rendered":"<p>Ka\u017cdy kto spe\u0142nia okre\u015blone warunki, czyli posiada prawo sta\u0142ego pobytu w Wielkiej Brytanii oraz przebywa\u0142&nbsp; i&nbsp; spe\u0142nia inne warunki formalne mo\u017ce stara\u0107 si\u0119 o brytyjskie obywatelstwo (naturalizacja). Dlaczego warto z\u0142o\u017cy\u0107 podanie o obywatelstwo w Wielkiej Brytanii. Po otrzymaniu praqwa sta\u0142ego pobytu w Wielkiej Brytanii ubieganie si\u0119 o obywatelstwo wydaje si\u0119 zb\u0119dnym wydatkiem. Mamy niemal wszystkie [&hellip;]<\/p>\n","protected":false},"author":1,"featured_media":0,"parent":0,"menu_order":0,"comment_status":"closed","ping_status":"closed","template":"","meta":{"om_disable_all_campaigns":false,"_monsterinsights_skip_tracking":false,"_monsterinsights_sitenote_active":false,"_monsterinsights_sitenote_note":"","_monsterinsights_sitenote_category":0,"_joinchat":[],"footnotes":""},"class_list":["post-256","page","type-page","status-publish","hentry"],"aioseo_notices":[],"_links":{"self":[{"href":"http:\/\/prawnik-uk.online\/index.php\/wp-json\/wp\/v2\/pages\/256","targetHints":{"allow":["GET"]}}],"collection":[{"href":"http:\/\/prawnik-uk.online\/index.php\/wp-json\/wp\/v2\/pages"}],"about":[{"href":"http:\/\/prawnik-uk.online\/index.php\/wp-json\/wp\/v2\/types\/page"}],"author":[{"embeddable":true,"href":"http:\/\/prawnik-uk.online\/index.php\/wp-json\/wp\/v2\/users\/1"}],"replies":[{"embeddable":true,"href":"http:\/\/prawnik-uk.online\/index.php\/wp-json\/wp\/v2\/comments?post=256"}],"version-history":[{"count":10,"href":"http:\/\/prawnik-uk.online\/index.php\/wp-json\/wp\/v2\/pages\/256\/revisions"}],"predecessor-version":[{"id":284,"href":"http:\/\/prawnik-uk.online\/index.php\/wp-json\/wp\/v2\/pages\/256\/revisions\/284"}],"wp:attachment":[{"href":"http:\/\/prawnik-uk.online\/index.php\/wp-json\/wp\/v2\/media?parent=256"}],"curies":[{"name":"wp","href":"https:\/\/api.w.org\/{rel}","templated":true}]}}