{"id":206,"date":"2021-12-14T17:34:28","date_gmt":"2021-12-14T17:34:28","guid":{"rendered":"http:\/\/prawnik-uk.online\/?page_id=206"},"modified":"2022-12-07T20:08:57","modified_gmt":"2022-12-07T20:08:57","slug":"dla-biznesu","status":"publish","type":"page","link":"http:\/\/prawnik-uk.online\/index.php\/dla-biznesu\/","title":{"rendered":"Dla biznesu"},"content":{"rendered":"\n<h2 class=\"has-text-align-center has-pale-cyan-blue-color has-text-color wp-block-heading\">Przedsi\u0119biorcy i organizacje.<\/h2>\n\n\n\n<div class=\"wp-block-image is-style-rounded\"><figure class=\"aligncenter size-large is-resized\"><img decoding=\"async\" src=\"http:\/\/prawnik-uk.online\/wp-content\/uploads\/2021\/12\/machine-495376_1920-1024x683.jpg\" alt=\"\" class=\"wp-image-207\" width=\"-125\" height=\"-83\" srcset=\"http:\/\/prawnik-uk.online\/wp-content\/uploads\/2021\/12\/machine-495376_1920-1024x683.jpg 1024w, http:\/\/prawnik-uk.online\/wp-content\/uploads\/2021\/12\/machine-495376_1920-300x200.jpg 300w, http:\/\/prawnik-uk.online\/wp-content\/uploads\/2021\/12\/machine-495376_1920-768x512.jpg 768w, http:\/\/prawnik-uk.online\/wp-content\/uploads\/2021\/12\/machine-495376_1920-1536x1024.jpg 1536w, http:\/\/prawnik-uk.online\/wp-content\/uploads\/2021\/12\/machine-495376_1920.jpg 1920w\" sizes=\"(max-width: 1024px) 100vw, 1024px\" \/><\/figure><\/div>\n\n\n\n<p>Nasza firma zajmuje si\u0119 wieloma zagadnieniami zwi\u0105zanymi z imigracj\u0105 w Wielkiej Brytanii. Obs\u0142ugujemy nie tylko klient\u00f3w indywidualnych ale te\u017c firmy. Mo\u017cemy zapewni\u0107 Pa\u0144stwa firmie pe\u0142n\u0105 obs\u0142ug\u0119 w zakresie prawa imigracyjnego.<\/p>\n\n\n\n<p>Zajmujemy si\u0119 podaniami o wizy pracownicze ale tak\u017ce pomagamy w zdobyciu licencji na zatrudnianie pracownik\u00f3w z zagranicy w UK (Sponsor Licence). Mamy du\u017ce do\u015bwiadczenie w za\u0142atwianiu sponsor licences dla firm z bran\u017cy budowlanej oraz spo\u017cywczej. Oferujemy pe\u0142ny zakres us\u0142ug zwi\u0105zanych z za\u0142atwieniem licencji Home Office, od przygotowania podania do zebrania dokumentacji a tak\u017ce oferujemy pomoc w zarz\u0105dzaniu licencj\u0105. <\/p>\n\n\n\n<p>Oferujemy pomoc i szkolenie w zakresie dostosowania firmy do wymog\u00f3w Home Office i raportowania.<\/p>\n","protected":false},"excerpt":{"rendered":"<p>Przedsi\u0119biorcy i organizacje. Nasza firma zajmuje si\u0119 wieloma zagadnieniami zwi\u0105zanymi z imigracj\u0105 w Wielkiej Brytanii. Obs\u0142ugujemy nie tylko klient\u00f3w indywidualnych ale te\u017c firmy. Mo\u017cemy zapewni\u0107 Pa\u0144stwa firmie pe\u0142n\u0105 obs\u0142ug\u0119 w zakresie prawa imigracyjnego. Zajmujemy si\u0119 podaniami o wizy pracownicze ale tak\u017ce pomagamy w zdobyciu licencji na zatrudnianie pracownik\u00f3w z zagranicy w UK (Sponsor Licence). Mamy [&hellip;]<\/p>\n","protected":false},"author":1,"featured_media":0,"parent":0,"menu_order":0,"comment_status":"closed","ping_status":"closed","template":"","meta":{"om_disable_all_campaigns":false,"_monsterinsights_skip_tracking":false,"_monsterinsights_sitenote_active":false,"_monsterinsights_sitenote_note":"","_monsterinsights_sitenote_category":0,"_joinchat":[],"footnotes":""},"class_list":["post-206","page","type-page","status-publish","hentry"],"aioseo_notices":[],"_links":{"self":[{"href":"http:\/\/prawnik-uk.online\/index.php\/wp-json\/wp\/v2\/pages\/206","targetHints":{"allow":["GET"]}}],"collection":[{"href":"http:\/\/prawnik-uk.online\/index.php\/wp-json\/wp\/v2\/pages"}],"about":[{"href":"http:\/\/prawnik-uk.online\/index.php\/wp-json\/wp\/v2\/types\/page"}],"author":[{"embeddable":true,"href":"http:\/\/prawnik-uk.online\/index.php\/wp-json\/wp\/v2\/users\/1"}],"replies":[{"embeddable":true,"href":"http:\/\/prawnik-uk.online\/index.php\/wp-json\/wp\/v2\/comments?post=206"}],"version-history":[{"count":6,"href":"http:\/\/prawnik-uk.online\/index.php\/wp-json\/wp\/v2\/pages\/206\/revisions"}],"predecessor-version":[{"id":296,"href":"http:\/\/prawnik-uk.online\/index.php\/wp-json\/wp\/v2\/pages\/206\/revisions\/296"}],"wp:attachment":[{"href":"http:\/\/prawnik-uk.online\/index.php\/wp-json\/wp\/v2\/media?parent=206"}],"curies":[{"name":"wp","href":"https:\/\/api.w.org\/{rel}","templated":true}]}}