{"id":203,"date":"2021-12-14T17:48:04","date_gmt":"2021-12-14T17:48:04","guid":{"rendered":"http:\/\/prawnik-uk.online\/?page_id=203"},"modified":"2022-02-03T11:40:59","modified_gmt":"2022-02-03T11:40:59","slug":"sponsor-licence","status":"publish","type":"page","link":"http:\/\/prawnik-uk.online\/index.php\/dla-biznesu\/sponsor-licence\/","title":{"rendered":"Sponsor licence"},"content":{"rendered":"\n<h2 class=\"has-text-align-center has-vivid-cyan-blue-color has-text-color wp-block-heading\">Pozwolenie na prac\u0119 <\/h2>\n\n\n\n<div class=\"wp-block-image\"><figure class=\"aligncenter size-large is-resized\"><img decoding=\"async\" src=\"http:\/\/prawnik-uk.online\/wp-content\/uploads\/2021\/12\/tube-bender-2819137_1920-1024x683.jpg\" alt=\"sponsor licence uk\" class=\"wp-image-204\" width=\"-203\" height=\"-135\" srcset=\"http:\/\/prawnik-uk.online\/wp-content\/uploads\/2021\/12\/tube-bender-2819137_1920-1024x683.jpg 1024w, http:\/\/prawnik-uk.online\/wp-content\/uploads\/2021\/12\/tube-bender-2819137_1920-300x200.jpg 300w, http:\/\/prawnik-uk.online\/wp-content\/uploads\/2021\/12\/tube-bender-2819137_1920-768x512.jpg 768w, http:\/\/prawnik-uk.online\/wp-content\/uploads\/2021\/12\/tube-bender-2819137_1920-1536x1024.jpg 1536w, http:\/\/prawnik-uk.online\/wp-content\/uploads\/2021\/12\/tube-bender-2819137_1920.jpg 1920w\" sizes=\"(max-width: 1024px) 100vw, 1024px\" \/><\/figure><\/div>\n\n\n\n<h2 class=\"has-text-align-center has-pale-cyan-blue-color has-text-color wp-block-heading\">Dlaczego warto wyst\u0105pi\u0107 o sponsor licence?<\/h2>\n\n\n\n<p>Dlaczego warto zainteresowa\u0107 si\u0119 sponsor licence.<\/p>\n\n\n\n<p>Brexit zmieni\u0142 wiele w zasadach funkcjonowania firm w Wielkiej Brytanii. Najwi\u0119ksze zmiany dotkn\u0119\u0142y pracodawc\u00f3w poszukuj\u0105cych pracownik\u00f3w oraz samych pracownik\u00f3w. Od niedawna nie mo\u017cna ju\u017c zatrudnia\u0107 pracownik\u00f3w z Unii Europejskiej tak jakby byli lokalnymi mieszka\u0144cami. Wszyscy nowo przybyli pracownicy z Unii s\u0105 traktowani jak ka\u017cdy inny imigrant spoza Wielkiej Brytanii. To oznacza \u017ce podlegaj\u0105 takim samym zasadom prawa jak ka\u017cdy inny migrant a musz\u0105 posiada\u0107 pozwolenie na prac\u0119. <\/p>\n\n\n\n<p>Inn\u0105 wa\u017cn\u0105 zmiana s\u0105 problemy ze nalezieniem pracownik\u00f3w. Dlatego coraz wi\u0119ksza liczba pracodawc\u00f3w w UK interesuje si\u0119 Sponsor Licence. <\/p>\n\n\n\n<h2 class=\"has-text-align-center has-pale-cyan-blue-color has-text-color wp-block-heading\">Co to takiego sponsor licence?<\/h2>\n\n\n\n<p>Sponsor licence, w skr\u00f3cie, jest licencj\u0105 wydawan\u0105 pracodawcom w Wielkiej Brytanii kt\u00f3ra pozawala im zatrudnia\u0107 (sponsorowa\u0107) pracownik\u00f3w bez prawa do pracy w UK. Sponsor licence jest wydawana przez Home Office organizacjom kt\u00f3re s\u0105 w stanie udowodni\u0107 \u017ce potrzebuj\u0105 takiego pozwolenia i \u017ce podo\u0142aj\u0105 obowi\u0105zkom jakie wi\u0105\u017c\u0105 si\u0119 z posiadaniem licencji. <\/p>\n\n\n\n<h2 class=\"has-text-align-center has-vivid-cyan-blue-color has-text-color wp-block-heading\">Jak uzyska\u0107 sponsor licence?<\/h2>\n\n\n\n<p>Aby uzyska\u0107 sponsor licence firma zarejestrowana w Wielkeij Brytanii musi spe\u0142ni\u0107 szereg warunk\u00f3w, przedstawi\u0107 dokumentacj\u0119 potwierdzaj\u0105c\u0105 i zap\u0142aci\u0107 op\u0142aty dla Home Office. Op\u0142aty zwi\u0105zane z uzyskaniem sponsor licence oraz sponsorowaniem pracownik\u00f3w zagranicznych mog\u0105 si\u0119ga\u0107 znacz\u0105cych sum. Wiele zale\u017cy od typu wizy, wielko\u015bci organizacji czy zawodu jaki wykonuje pracownik dla firmy sponsoruj\u0105cej. <\/p>\n\n\n\n<p> Je\u017celi chc\u0105 pa\u0144stwo orientacyjnie pozna\u0107 koszty zwi\u0105zane z zatrudnieniem pracownika  z zagranicy proponujemy u\u017cy\u0107 kalkulator koszt\u00f3w pod<a href=\"https:\/\/thaxtedlegal.com\/?cff-form=9\" target=\"_blank\" rel=\"noreferrer noopener\" title=\" tym adresem\"> tym adresem<\/a>. <\/p>\n\n\n\n<p>Bior\u0105c pod uwag\u0119 jak kosztowne jest podanie o sponsor licence i jak kompleksowe warto skorzysta\u0107 z pomocy do\u015bwiadczonego w tej dziedzinie prawnika. <\/p>\n\n\n\n<p><a href=\"tel:+4402034889710\" target=\"_blank\" rel=\"noreferrer noopener\"><img decoding=\"async\" src=\"http:\/\/prawnik-uk.online\/wp-content\/uploads\/2021\/11\/icons8-phone-48.png\" alt=\"Call us\"><\/a> Zadzwo\u0144 do naszego prawnika bezpo\u015brednio ze swojej kom\u00f3rki, wpisz +4402034889710 lub napisz na maila <a href=\"mailto:Kasia@thaxtedlegal.com\">Kasia@thaxtedlegal.com<\/a> <\/p>\n","protected":false},"excerpt":{"rendered":"<p>Pozwolenie na prac\u0119 Dlaczego warto wyst\u0105pi\u0107 o sponsor licence? Dlaczego warto zainteresowa\u0107 si\u0119 sponsor licence. Brexit zmieni\u0142 wiele w zasadach funkcjonowania firm w Wielkiej Brytanii. Najwi\u0119ksze zmiany dotkn\u0119\u0142y pracodawc\u00f3w poszukuj\u0105cych pracownik\u00f3w oraz samych pracownik\u00f3w. Od niedawna nie mo\u017cna ju\u017c zatrudnia\u0107 pracownik\u00f3w z Unii Europejskiej tak jakby byli lokalnymi mieszka\u0144cami. Wszyscy nowo przybyli pracownicy z Unii [&hellip;]<\/p>\n","protected":false},"author":1,"featured_media":0,"parent":206,"menu_order":0,"comment_status":"closed","ping_status":"closed","template":"","meta":{"om_disable_all_campaigns":false,"_monsterinsights_skip_tracking":false,"_monsterinsights_sitenote_active":false,"_monsterinsights_sitenote_note":"","_monsterinsights_sitenote_category":0,"_joinchat":[],"footnotes":""},"class_list":["post-203","page","type-page","status-publish","hentry"],"aioseo_notices":[],"_links":{"self":[{"href":"http:\/\/prawnik-uk.online\/index.php\/wp-json\/wp\/v2\/pages\/203","targetHints":{"allow":["GET"]}}],"collection":[{"href":"http:\/\/prawnik-uk.online\/index.php\/wp-json\/wp\/v2\/pages"}],"about":[{"href":"http:\/\/prawnik-uk.online\/index.php\/wp-json\/wp\/v2\/types\/page"}],"author":[{"embeddable":true,"href":"http:\/\/prawnik-uk.online\/index.php\/wp-json\/wp\/v2\/users\/1"}],"replies":[{"embeddable":true,"href":"http:\/\/prawnik-uk.online\/index.php\/wp-json\/wp\/v2\/comments?post=203"}],"version-history":[{"count":5,"href":"http:\/\/prawnik-uk.online\/index.php\/wp-json\/wp\/v2\/pages\/203\/revisions"}],"predecessor-version":[{"id":237,"href":"http:\/\/prawnik-uk.online\/index.php\/wp-json\/wp\/v2\/pages\/203\/revisions\/237"}],"up":[{"embeddable":true,"href":"http:\/\/prawnik-uk.online\/index.php\/wp-json\/wp\/v2\/pages\/206"}],"wp:attachment":[{"href":"http:\/\/prawnik-uk.online\/index.php\/wp-json\/wp\/v2\/media?parent=203"}],"curies":[{"name":"wp","href":"https:\/\/api.w.org\/{rel}","templated":true}]}}